{"id":11,"date":"2023-09-28T19:21:58","date_gmt":"2023-09-28T17:21:58","guid":{"rendered":"http:\/\/quirinsr.fr\/?page_id=11"},"modified":"2023-11-28T14:12:42","modified_gmt":"2023-11-28T13:12:42","slug":"accueil","status":"publish","type":"page","link":"https:\/\/quirinsr.fr\/","title":{"rendered":"Accueil"},"content":{"rendered":"\n<div class=\"wp-block-cover alignfull is-light\" style=\"min-height:720px;aspect-ratio:unset;\"><span aria-hidden=\"true\" class=\"wp-block-cover__background has-background-dim-100 has-background-dim has-background-gradient has-luminous-dusk-gradient-background\"><\/span><div class=\"wp-block-cover__inner-container is-layout-flow wp-block-cover-is-layout-flow\">\n<div class=\"inherit-container-width wp-block-group alignwide is-layout-constrained wp-block-group-is-layout-constrained\">\n<div class=\"wp-block-media-text alignwide has-media-on-the-right is-stacked-on-mobile is-vertically-aligned-center\" style=\"grid-template-columns:auto 43%\"><div class=\"wp-block-media-text__content\">\n<h1 class=\"wp-block-heading has-text-align-left has-white-color has-text-color\">Bienvenue<\/h1>\n\n\n\n<p>Depuis 15 ans la soci\u00e9t\u00e9 QuirinSR syst\u00e8mes et r\u00e9seaux met \u00e0 disposition des PME TPE Administrations et de l\u2019\u00e9ducation ses comp\u00e9tences.<\/p>\n\n\n\n<p>Ing\u00e9nierie syst\u00e8mes et r\u00e9seaux informatiques.<\/p>\n\n\n\n<div class=\"wp-block-buttons is-layout-flex wp-block-buttons-is-layout-flex\">\n<div class=\"wp-block-button\"><a class=\"wp-block-button__link wp-element-button\" href=\"https:\/\/quirinsr.fr\/index.php\/contact\/\" target=\"_blank\" rel=\"noreferrer noopener\">Contact<\/a><\/div>\n<\/div>\n<\/div><figure class=\"wp-block-media-text__media\"><img decoding=\"async\" src=\"https:\/\/quirinsr.fr\/wp-content\/themes\/astra\/inc\/assets\/images\/starter-content\/hero-img.svg\" alt=\"\" class=\"wp-image-118 size-full\"\/><\/figure><\/div>\n<\/div>\n<\/div><\/div>\n\n\n\n<div class=\"wp-block-group alignfull has-ast-global-color-5-background-color has-background is-layout-constrained wp-container-core-group-is-layout-9cedb757 wp-block-group-is-layout-constrained\" style=\"padding-bottom:0px\">\n<div class=\"wp-block-columns are-vertically-aligned-top is-layout-flex wp-container-core-columns-is-layout-00723822 wp-block-columns-is-layout-flex\">\n<div class=\"wp-block-column is-vertically-aligned-top is-layout-flow wp-container-core-column-is-layout-6b73ce23 wp-block-column-is-layout-flow\">\n<figure class=\"wp-block-image size-large\"><img decoding=\"async\" src=\"https:\/\/quirinsr.fr\/wp-content\/themes\/astra\/inc\/assets\/images\/starter-content\/building.svg\" alt=\"\" class=\"wp-image-134\"\/><\/figure>\n\n\n\n<h3 class=\"wp-block-heading has-text-align-left\" style=\"margin-top:16px\">Business Local<\/h3>\n\n\n\n<p class=\"has-text-align-left\">Nous intervenons dans le Bas Rhin, nous favorisons les \u00e9changes et les interventions  locales.<\/p>\n<\/div>\n\n\n\n<div class=\"wp-block-column is-vertically-aligned-top is-layout-flow wp-container-core-column-is-layout-6b73ce23 wp-block-column-is-layout-flow\">\n<figure class=\"wp-block-image size-large\"><img decoding=\"async\" src=\"https:\/\/quirinsr.fr\/wp-content\/themes\/astra\/inc\/assets\/images\/starter-content\/shopping-bag.svg\" alt=\"\" class=\"wp-image-135\"\/><\/figure>\n\n\n\n<h3 class=\"wp-block-heading has-text-align-left\" style=\"margin-top:16px\">Intervention sur site<\/h3>\n\n\n\n<ul class=\"wp-block-list\">\n<li>Installation de postes<\/li>\n\n\n\n<li>Audit<\/li>\n\n\n\n<li>Interlocuteur privil\u00e9gi\u00e9<\/li>\n\n\n\n<li>Assistance et support syst\u00e8mes, r\u00e9seaux et machines virtuelles.<\/li>\n<\/ul>\n<\/div>\n\n\n\n<div class=\"wp-block-column is-vertically-aligned-top is-layout-flow wp-container-core-column-is-layout-6b73ce23 wp-block-column-is-layout-flow\">\n<figure class=\"wp-block-image size-large\"><img decoding=\"async\" src=\"https:\/\/quirinsr.fr\/wp-content\/themes\/astra\/inc\/assets\/images\/starter-content\/blog.svg\" alt=\"\" class=\"wp-image-136\"\/><\/figure>\n\n\n\n<h3 class=\"wp-block-heading has-text-align-left\" style=\"margin-top:16px\">Intervention \u00e0 distance<\/h3>\n\n\n\n<ul class=\"wp-block-list\">\n<li>Forfait annuel de jours d&rsquo;interventions planifi\u00e9es d&rsquo;un technicien mat\u00e9riel et syst\u00e8mes (sur devis).<\/li>\n\n\n\n<li>Forfait annuel de prestations t\u00e9l\u00e9phoniques mat\u00e9riel et syst\u00e8mes (sur devis).<\/li>\n<\/ul>\n<\/div>\n\n\n\n<div class=\"wp-block-column is-vertically-aligned-top is-layout-flow wp-container-core-column-is-layout-6b73ce23 wp-block-column-is-layout-flow\">\n<figure class=\"wp-block-image size-large\"><img decoding=\"async\" src=\"https:\/\/quirinsr.fr\/wp-content\/themes\/astra\/inc\/assets\/images\/starter-content\/portfolio.svg\" alt=\"\" class=\"wp-image-137\"\/><\/figure>\n\n\n\n<h3 class=\"wp-block-heading has-text-align-left\" style=\"margin-top:16px\">Nos clients<\/h3>\n\n\n\n<p class=\"has-text-align-left\">Nos clients PME, TPE, administrations et \u00e9ducation.<\/p>\n<\/div>\n<\/div>\n<\/div>\n\n\n\n<div class=\"wp-block-group alignfull is-layout-constrained wp-container-core-group-is-layout-45b0ac4f wp-block-group-is-layout-constrained\" id=\"services\" style=\"padding-top:144px;padding-bottom:0px\">\n<h2 class=\"wp-block-heading\">Nos Services<\/h2>\n\n\n\n<div class=\"wp-block-columns is-layout-flex wp-container-core-columns-is-layout-60cbf9bb wp-block-columns-is-layout-flex\" style=\"margin-top:50px\">\n<div class=\"wp-block-column is-layout-flow wp-container-core-column-is-layout-6b73ce23 wp-block-column-is-layout-flow\">\n<figure class=\"wp-block-image size-full\"><img decoding=\"async\" src=\"https:\/\/quirinsr.fr\/wp-content\/themes\/astra\/inc\/assets\/images\/starter-content\/branding.jpg\" alt=\"\" class=\"wp-image-230\"\/><\/figure>\n\n\n\n<h3 class=\"wp-block-heading\" style=\"margin-top:16px\">Postes de travail<\/h3>\n\n\n\n<ul class=\"wp-block-list\">\n<li>Intervention rapide t\u00e9l\u00e9maintenance<\/li>\n\n\n\n<li>Audit de l&rsquo;existant (co\u00fbt et d\u00e9lais)<\/li>\n\n\n\n<li>Installation de poste avec migration de donn\u00e9es<\/li>\n\n\n\n<li>Intervention sur tout type de mat\u00e9riel : serveur, pc, imprimante, p\u00e9riph\u00e9rique.<\/li>\n<\/ul>\n<\/div>\n\n\n\n<div class=\"wp-block-column is-layout-flow wp-container-core-column-is-layout-6b73ce23 wp-block-column-is-layout-flow\">\n<figure class=\"wp-block-image size-full\"><img decoding=\"async\" src=\"https:\/\/quirinsr.fr\/wp-content\/themes\/astra\/inc\/assets\/images\/starter-content\/graphic.jpg\" alt=\"\" class=\"wp-image-232\"\/><\/figure>\n\n\n\n<h3 class=\"wp-block-heading\" style=\"margin-top:16px\">Syst\u00e8mes<\/h3>\n\n\n\n<ul class=\"wp-block-list\">\n<li>Installation de vos serveurs windows<\/li>\n\n\n\n<li>Gestion et installation de syst\u00e8mes de virtualisation<\/li>\n\n\n\n<li>R\u00e9cup\u00e9ration de donn\u00e9es.<\/li>\n<\/ul>\n<\/div>\n\n\n\n<div class=\"wp-block-column is-layout-flow wp-container-core-column-is-layout-6b73ce23 wp-block-column-is-layout-flow\">\n<figure class=\"wp-block-image size-full\"><img decoding=\"async\" src=\"https:\/\/quirinsr.fr\/wp-content\/themes\/astra\/inc\/assets\/images\/starter-content\/web.jpg\" alt=\"\" class=\"wp-image-231\"\/><\/figure>\n\n\n\n<h3 class=\"wp-block-heading\" style=\"margin-top:16px\">R\u00e9seaux<\/h3>\n\n\n\n<ul class=\"wp-block-list\">\n<li>Maintenance de votre r\u00e9seau<\/li>\n\n\n\n<li>Am\u00e9lioration r\u00e9seau physique<\/li>\n\n\n\n<li>Audit r\u00e9seau<\/li>\n\n\n\n<li>Intervention sur tout type de mat\u00e9riel : switch, routeur, serveur, box.<\/li>\n<\/ul>\n<\/div>\n<\/div>\n<\/div>\n\n\n\n<div class=\"wp-block-group alignfull has-ast-global-color-5-background-color has-background is-layout-constrained wp-container-core-group-is-layout-94d206d0 wp-block-group-is-layout-constrained\" id=\"about\" style=\"padding-top:143px;padding-bottom:144px\">\n<div class=\"wp-block-media-text has-media-on-the-right is-stacked-on-mobile is-vertically-aligned-center\"><div class=\"wp-block-media-text__content\">\n<div class=\"inherit-container-width wp-block-group is-layout-constrained wp-container-core-group-is-layout-47ce07ec wp-block-group-is-layout-constrained\" style=\"padding-right:80px\">\n<h2 class=\"wp-block-heading\" style=\"padding-right:40px\">Nous aidons votre \u00e9quipe<\/h2>\n\n\n\n<p>Pr\u00e9sent \u00e0 vos c\u00f4t\u00e9s de puis plus de 15 ans, QuirinSR syst\u00e8mes et r\u00e9seaux plus qu&rsquo;un prestataire. Un partenaire.<\/p>\n\n\n\n<p>Nous croyons en une offre de services simple, efficace et qualitative. Un interlocuteur, une offre personnalis\u00e9e.<\/p>\n\n\n\n<p><\/p>\n<\/div>\n<\/div><figure class=\"wp-block-media-text__media\"><img decoding=\"async\" src=\"https:\/\/quirinsr.fr\/wp-content\/themes\/astra\/inc\/assets\/images\/starter-content\/about-us.jpg\" alt=\"\" class=\"wp-image-237 size-full\"\/><\/figure><\/div>\n<\/div>\n\n\n\n<div class=\"wp-block-group alignfull has-ast-global-color-4-background-color has-background is-layout-constrained wp-block-group-is-layout-constrained\" id=\"reviews\">\n<p class=\"has-text-align-center\"><strong>NOS PARTENAIRES<\/strong><\/p>\n\n\n\n<div class=\"wp-block-group is-layout-constrained wp-block-group-is-layout-constrained\">\n<div class=\"wp-block-columns is-layout-flex wp-container-core-columns-is-layout-28f84493 wp-block-columns-is-layout-flex\">\n<div class=\"wp-block-column is-vertically-aligned-center is-layout-flow wp-block-column-is-layout-flow\">\n<figure class=\"wp-block-image alignright size-full is-resized\"><a href=\"https:\/\/computerent.fr\/\" target=\"_blank\" rel=\"noreferrer noopener\"><img loading=\"lazy\" decoding=\"async\" width=\"535\" height=\"103\" src=\"https:\/\/quirinsr.fr\/wp-content\/uploads\/2023\/10\/logo-computerent.png\" alt=\"\" class=\"wp-image-43\" style=\"aspect-ratio:5.194174757281553;width:410px;height:auto\" srcset=\"https:\/\/quirinsr.fr\/wp-content\/uploads\/2023\/10\/logo-computerent.png 535w, https:\/\/quirinsr.fr\/wp-content\/uploads\/2023\/10\/logo-computerent-300x58.png 300w\" sizes=\"auto, (max-width: 535px) 100vw, 535px\" \/><\/a><\/figure>\n<\/div>\n\n\n\n<div class=\"wp-block-column is-vertically-aligned-center is-layout-flow wp-block-column-is-layout-flow\">\n<figure class=\"wp-block-image alignleft size-large is-resized\"><a href=\"https:\/\/www.ldlc.com\/magasins-ldlc\/magasin-470056\/67-ldlc-strasbourg-geispolsheim\/\" target=\"_blank\" rel=\"noreferrer noopener\"><img loading=\"lazy\" decoding=\"async\" width=\"1600\" height=\"1000\" src=\"https:\/\/quirinsr.fr\/wp-content\/uploads\/2023\/10\/logo-ldlc-strasbourg-geispolsheim-bleu-cyan-edited.png\" alt=\"\" class=\"wp-image-154\" style=\"aspect-ratio:1.7777777777777777;object-fit:cover;width:317px;height:auto\" srcset=\"https:\/\/quirinsr.fr\/wp-content\/uploads\/2023\/10\/logo-ldlc-strasbourg-geispolsheim-bleu-cyan-edited.png 1600w, https:\/\/quirinsr.fr\/wp-content\/uploads\/2023\/10\/logo-ldlc-strasbourg-geispolsheim-bleu-cyan-edited-300x188.png 300w, https:\/\/quirinsr.fr\/wp-content\/uploads\/2023\/10\/logo-ldlc-strasbourg-geispolsheim-bleu-cyan-edited-1024x640.png 1024w, https:\/\/quirinsr.fr\/wp-content\/uploads\/2023\/10\/logo-ldlc-strasbourg-geispolsheim-bleu-cyan-edited-768x480.png 768w, https:\/\/quirinsr.fr\/wp-content\/uploads\/2023\/10\/logo-ldlc-strasbourg-geispolsheim-bleu-cyan-edited-1536x960.png 1536w\" sizes=\"auto, (max-width: 1600px) 100vw, 1600px\" \/><\/a><\/figure>\n<\/div>\n<\/div>\n<\/div>\n<\/div>\n\n\n\n<div class=\"wp-block-group alignfull is-layout-constrained wp-container-core-group-is-layout-3fee123f wp-block-group-is-layout-constrained\" id=\"whyus\" style=\"padding-top:144px;padding-bottom:144px\">\n<h2 class=\"wp-block-heading\">Pourquoi nous choisir ?<\/h2>\n\n\n\n<div class=\"wp-block-columns is-layout-flex wp-container-core-columns-is-layout-29aadeec wp-block-columns-is-layout-flex\" style=\"margin-top:60px\">\n<div class=\"wp-block-column is-layout-flow wp-container-core-column-is-layout-6b73ce23 wp-block-column-is-layout-flow\">\n<figure class=\"wp-block-image size-large\"><img decoding=\"async\" src=\"https:\/\/quirinsr.fr\/wp-content\/themes\/astra\/inc\/assets\/images\/starter-content\/passionate.svg\" alt=\"\" class=\"wp-image-162\"\/><\/figure>\n\n\n\n<h3 class=\"wp-block-heading\" style=\"margin-top:16px\">Passionn\u00e9<\/h3>\n\n\n\n<p>Attach\u00e9 \u00e0 un travail de qualit\u00e9 et proximit\u00e9 nous mettons tout en oeuvre pour vous satisfaire.<\/p>\n<\/div>\n\n\n\n<div class=\"wp-block-column is-layout-flow wp-container-core-column-is-layout-6b73ce23 wp-block-column-is-layout-flow\">\n<figure class=\"wp-block-image size-large\"><img decoding=\"async\" src=\"https:\/\/quirinsr.fr\/wp-content\/themes\/astra\/inc\/assets\/images\/starter-content\/professional.svg\" alt=\"\" class=\"wp-image-163\"\/><\/figure>\n\n\n\n<h3 class=\"wp-block-heading\" style=\"margin-top:16px\">Professionnel<\/h3>\n\n\n\n<p>15 ans d&rsquo;exp\u00e9rience \u00e0 votre service, chaque projet est suivi par un interlocuteur d\u00e9di\u00e9.<\/p>\n<\/div>\n\n\n\n<div class=\"wp-block-column is-layout-flow wp-container-core-column-is-layout-6b73ce23 wp-block-column-is-layout-flow\">\n<figure class=\"wp-block-image size-large\"><img decoding=\"async\" src=\"https:\/\/quirinsr.fr\/wp-content\/themes\/astra\/inc\/assets\/images\/starter-content\/support.svg\" alt=\"\" class=\"wp-image-164\"\/><\/figure>\n\n\n\n<h3 class=\"wp-block-heading\" style=\"margin-top:16px\">Flexible<\/h3>\n\n\n\n<p>Profitez de l&rsquo;adaptation d&rsquo;une structure \u00e0 taille humaine qui saura vous accompagner en tant que partenaire.<\/p>\n<\/div>\n<\/div>\n<\/div>\n\n\n\n<div class=\"wp-block-group alignfull has-background is-layout-constrained wp-container-core-group-is-layout-cfcca693 wp-block-group-is-layout-constrained\" id=\"contact\" style=\"background:linear-gradient(35deg,rgb(6,0,151) 0%,rgb(130,4,255) 64%,rgb(193,15,255) 98%);padding-top:104px;padding-bottom:104px\">\n<h2 class=\"wp-block-heading has-text-align-center has-text-color\" style=\"color:#ffffff\">Contactez nous d\u00e8s maintenant<\/h2>\n\n\n\n<div class=\"wp-block-buttons alignwide is-horizontal is-content-justification-center is-layout-flex wp-container-core-buttons-is-layout-bba8380a wp-block-buttons-is-layout-flex\" style=\"margin-top:50px\">\n<div class=\"wp-block-button\"><a class=\"wp-block-button__link wp-element-button\" href=\"https:\/\/quirinsr.fr\/index.php\/contact\/\" target=\"_blank\" rel=\"noreferrer noopener\">Contact<\/a><\/div>\n<\/div>\n<\/div>\n","protected":false},"excerpt":{"rendered":"<p>Business Local Nous intervenons dans le Bas Rhin, nous favorisons les \u00e9changes et les interventions locales. Intervention sur site Intervention \u00e0 distance Nos clients Nos clients PME, TPE, administrations et \u00e9ducation. Nos Services Postes de travail Syst\u00e8mes R\u00e9seaux Nous aidons votre \u00e9quipe Pr\u00e9sent \u00e0 vos c\u00f4t\u00e9s de puis plus de 15 ans, QuirinSR syst\u00e8mes et &hellip;<\/p>\n<p class=\"read-more\"> <a class=\"\" href=\"https:\/\/quirinsr.fr\/\"> <span class=\"screen-reader-text\">Accueil<\/span> Lire la suite\u00a0\u00bb<\/a><\/p>\n","protected":false},"author":1,"featured_media":0,"parent":0,"menu_order":0,"comment_status":"closed","ping_status":"closed","template":"","meta":{"site-sidebar-layout":"no-sidebar","site-content-layout":"plain-container","ast-site-content-layout":"","site-content-style":"default","site-sidebar-style":"default","ast-global-header-display":"","ast-banner-title-visibility":"","ast-main-header-display":"","ast-hfb-above-header-display":"","ast-hfb-below-header-display":"","ast-hfb-mobile-header-display":"","site-post-title":"disabled","ast-breadcrumbs-content":"","ast-featured-img":"","footer-sml-layout":"","theme-transparent-header-meta":"enabled","adv-header-id-meta":"","stick-header-meta":"","header-above-stick-meta":"","header-main-stick-meta":"","header-below-stick-meta":"","astra-migrate-meta-layouts":"","footnotes":""},"class_list":["post-11","page","type-page","status-publish","hentry"],"yoast_head":"<!-- This site is optimized with the Yoast SEO plugin v21.4 - https:\/\/yoast.com\/wordpress\/plugins\/seo\/ -->\n<title>Accueil - QuirinSR syst\u00e8mes et r\u00e9seaux<\/title>\n<meta name=\"description\" content=\"Depuis 15 ans la soci\u00e9t\u00e9 QuirinSR syst\u00e8mes et r\u00e9seaux met \u00e0 disposition des PME TPE Administrations et de l\u2019\u00e9ducation ses comp\u00e9tences.\" \/>\n<meta name=\"robots\" content=\"index, follow, max-snippet:-1, max-image-preview:large, max-video-preview:-1\" \/>\n<link rel=\"canonical\" href=\"https:\/\/quirinsr.fr\/\" \/>\n<meta property=\"og:locale\" content=\"fr_FR\" \/>\n<meta property=\"og:type\" content=\"article\" \/>\n<meta property=\"og:title\" content=\"Accueil - QuirinSR syst\u00e8mes et r\u00e9seaux\" \/>\n<meta property=\"og:description\" content=\"Depuis 15 ans la soci\u00e9t\u00e9 QuirinSR syst\u00e8mes et r\u00e9seaux met \u00e0 disposition des PME TPE Administrations et de l\u2019\u00e9ducation ses comp\u00e9tences.\" \/>\n<meta property=\"og:url\" content=\"https:\/\/quirinsr.fr\/\" \/>\n<meta property=\"og:site_name\" content=\"QuirinSR\" \/>\n<meta property=\"article:modified_time\" content=\"2023-11-28T13:12:42+00:00\" \/>\n<meta property=\"og:image\" content=\"http:\/\/quirinsr.fr\/wp-content\/themes\/astra\/inc\/assets\/images\/starter-content\/hero-img.svg\" \/>\n<meta name=\"twitter:card\" content=\"summary_large_image\" \/>\n<meta name=\"twitter:label1\" content=\"Dur\u00e9e de lecture estim\u00e9e\" \/>\n\t<meta name=\"twitter:data1\" content=\"5 minutes\" \/>\n<script type=\"application\/ld+json\" class=\"yoast-schema-graph\">{\"@context\":\"https:\/\/schema.org\",\"@graph\":[{\"@type\":\"WebPage\",\"@id\":\"https:\/\/quirinsr.fr\/\",\"url\":\"https:\/\/quirinsr.fr\/\",\"name\":\"Accueil - QuirinSR syst\u00e8mes et r\u00e9seaux\",\"isPartOf\":{\"@id\":\"https:\/\/quirinsr.fr\/#website\"},\"datePublished\":\"2023-09-28T17:21:58+00:00\",\"dateModified\":\"2023-11-28T13:12:42+00:00\",\"description\":\"Depuis 15 ans la soci\u00e9t\u00e9 QuirinSR syst\u00e8mes et r\u00e9seaux met \u00e0 disposition des PME TPE Administrations et de l\u2019\u00e9ducation ses comp\u00e9tences.\",\"breadcrumb\":{\"@id\":\"https:\/\/quirinsr.fr\/#breadcrumb\"},\"inLanguage\":\"fr-FR\",\"potentialAction\":[{\"@type\":\"ReadAction\",\"target\":[\"https:\/\/quirinsr.fr\/\"]}]},{\"@type\":\"BreadcrumbList\",\"@id\":\"https:\/\/quirinsr.fr\/#breadcrumb\",\"itemListElement\":[{\"@type\":\"ListItem\",\"position\":1,\"name\":\"Accueil\",\"item\":\"https:\/\/quirinsr.fr\/\"},{\"@type\":\"ListItem\",\"position\":2,\"name\":\"Accueil\"}]},{\"@type\":\"WebSite\",\"@id\":\"https:\/\/quirinsr.fr\/#website\",\"url\":\"https:\/\/quirinsr.fr\/\",\"name\":\"QuirinSR\",\"description\":\"Syst\u00e8mes et r\u00e9seaux\",\"publisher\":{\"@id\":\"https:\/\/quirinsr.fr\/#organization\"},\"potentialAction\":[{\"@type\":\"SearchAction\",\"target\":{\"@type\":\"EntryPoint\",\"urlTemplate\":\"https:\/\/quirinsr.fr\/?s={search_term_string}\"},\"query-input\":\"required name=search_term_string\"}],\"inLanguage\":\"fr-FR\"},{\"@type\":\"Organization\",\"@id\":\"https:\/\/quirinsr.fr\/#organization\",\"name\":\"QuirinSR\",\"url\":\"https:\/\/quirinsr.fr\/\",\"logo\":{\"@type\":\"ImageObject\",\"inLanguage\":\"fr-FR\",\"@id\":\"https:\/\/quirinsr.fr\/#\/schema\/logo\/image\/\",\"url\":\"https:\/\/quirinsr.fr\/wp-content\/uploads\/2023\/10\/cropped-logodef1.png\",\"contentUrl\":\"https:\/\/quirinsr.fr\/wp-content\/uploads\/2023\/10\/cropped-logodef1.png\",\"width\":1284,\"height\":428,\"caption\":\"QuirinSR\"},\"image\":{\"@id\":\"https:\/\/quirinsr.fr\/#\/schema\/logo\/image\/\"}}]}<\/script>\n<!-- \/ Yoast SEO plugin. -->","yoast_head_json":{"title":"Accueil - QuirinSR syst\u00e8mes et r\u00e9seaux","description":"Depuis 15 ans la soci\u00e9t\u00e9 QuirinSR syst\u00e8mes et r\u00e9seaux met \u00e0 disposition des PME TPE Administrations et de l\u2019\u00e9ducation ses comp\u00e9tences.","robots":{"index":"index","follow":"follow","max-snippet":"max-snippet:-1","max-image-preview":"max-image-preview:large","max-video-preview":"max-video-preview:-1"},"canonical":"https:\/\/quirinsr.fr\/","og_locale":"fr_FR","og_type":"article","og_title":"Accueil - QuirinSR syst\u00e8mes et r\u00e9seaux","og_description":"Depuis 15 ans la soci\u00e9t\u00e9 QuirinSR syst\u00e8mes et r\u00e9seaux met \u00e0 disposition des PME TPE Administrations et de l\u2019\u00e9ducation ses comp\u00e9tences.","og_url":"https:\/\/quirinsr.fr\/","og_site_name":"QuirinSR","article_modified_time":"2023-11-28T13:12:42+00:00","og_image":[{"url":"http:\/\/quirinsr.fr\/wp-content\/themes\/astra\/inc\/assets\/images\/starter-content\/hero-img.svg"}],"twitter_card":"summary_large_image","twitter_misc":{"Dur\u00e9e de lecture estim\u00e9e":"5 minutes"},"schema":{"@context":"https:\/\/schema.org","@graph":[{"@type":"WebPage","@id":"https:\/\/quirinsr.fr\/","url":"https:\/\/quirinsr.fr\/","name":"Accueil - QuirinSR syst\u00e8mes et r\u00e9seaux","isPartOf":{"@id":"https:\/\/quirinsr.fr\/#website"},"datePublished":"2023-09-28T17:21:58+00:00","dateModified":"2023-11-28T13:12:42+00:00","description":"Depuis 15 ans la soci\u00e9t\u00e9 QuirinSR syst\u00e8mes et r\u00e9seaux met \u00e0 disposition des PME TPE Administrations et de l\u2019\u00e9ducation ses comp\u00e9tences.","breadcrumb":{"@id":"https:\/\/quirinsr.fr\/#breadcrumb"},"inLanguage":"fr-FR","potentialAction":[{"@type":"ReadAction","target":["https:\/\/quirinsr.fr\/"]}]},{"@type":"BreadcrumbList","@id":"https:\/\/quirinsr.fr\/#breadcrumb","itemListElement":[{"@type":"ListItem","position":1,"name":"Accueil","item":"https:\/\/quirinsr.fr\/"},{"@type":"ListItem","position":2,"name":"Accueil"}]},{"@type":"WebSite","@id":"https:\/\/quirinsr.fr\/#website","url":"https:\/\/quirinsr.fr\/","name":"QuirinSR","description":"Syst\u00e8mes et r\u00e9seaux","publisher":{"@id":"https:\/\/quirinsr.fr\/#organization"},"potentialAction":[{"@type":"SearchAction","target":{"@type":"EntryPoint","urlTemplate":"https:\/\/quirinsr.fr\/?s={search_term_string}"},"query-input":"required name=search_term_string"}],"inLanguage":"fr-FR"},{"@type":"Organization","@id":"https:\/\/quirinsr.fr\/#organization","name":"QuirinSR","url":"https:\/\/quirinsr.fr\/","logo":{"@type":"ImageObject","inLanguage":"fr-FR","@id":"https:\/\/quirinsr.fr\/#\/schema\/logo\/image\/","url":"https:\/\/quirinsr.fr\/wp-content\/uploads\/2023\/10\/cropped-logodef1.png","contentUrl":"https:\/\/quirinsr.fr\/wp-content\/uploads\/2023\/10\/cropped-logodef1.png","width":1284,"height":428,"caption":"QuirinSR"},"image":{"@id":"https:\/\/quirinsr.fr\/#\/schema\/logo\/image\/"}}]}},"_links":{"self":[{"href":"https:\/\/quirinsr.fr\/index.php\/wp-json\/wp\/v2\/pages\/11","targetHints":{"allow":["GET"]}}],"collection":[{"href":"https:\/\/quirinsr.fr\/index.php\/wp-json\/wp\/v2\/pages"}],"about":[{"href":"https:\/\/quirinsr.fr\/index.php\/wp-json\/wp\/v2\/types\/page"}],"author":[{"embeddable":true,"href":"https:\/\/quirinsr.fr\/index.php\/wp-json\/wp\/v2\/users\/1"}],"replies":[{"embeddable":true,"href":"https:\/\/quirinsr.fr\/index.php\/wp-json\/wp\/v2\/comments?post=11"}],"version-history":[{"count":54,"href":"https:\/\/quirinsr.fr\/index.php\/wp-json\/wp\/v2\/pages\/11\/revisions"}],"predecessor-version":[{"id":170,"href":"https:\/\/quirinsr.fr\/index.php\/wp-json\/wp\/v2\/pages\/11\/revisions\/170"}],"wp:attachment":[{"href":"https:\/\/quirinsr.fr\/index.php\/wp-json\/wp\/v2\/media?parent=11"}],"curies":[{"name":"wp","href":"https:\/\/api.w.org\/{rel}","templated":true}]}}