{"id":3,"date":"2023-09-28T18:43:27","date_gmt":"2023-09-28T16:43:27","guid":{"rendered":"http:\/\/quirinsr.fr\/?page_id=3"},"modified":"2023-10-18T12:11:06","modified_gmt":"2023-10-18T10:11:06","slug":"politique-de-confidentialite","status":"publish","type":"page","link":"https:\/\/quirinsr.fr\/index.php\/politique-de-confidentialite\/","title":{"rendered":"Politique de confidentialit\u00e9"},"content":{"rendered":"\n<p>Bienvenue dans la politique g\u00e9n\u00e9rale de protection des donn\u00e9es personnelles de QuirinSR.<\/p>\n\n\n\n<p>Le responsable de traitement est la SARL QuirinSR immatricul\u00e9e en France au Registre du Commerce et des Soci\u00e9t\u00e9s de Colmar sous le num\u00e9ro 498 314 814, dont le si\u00e8ge social est situ\u00e9 au 8 RUE DU PETIT COLMAR 68280 SUNDHOFFEN&nbsp;<\/p>\n\n\n\n<p>La protection de vos donn\u00e9es personnelles est essentielle \u00e0 nos yeux. Vous trouverez dans cette politique de confidentialit\u00e9 les informations relatives \u00e0 la mani\u00e8re dont nous collectons et traitons ces donn\u00e9es.<\/p>\n\n\n\n<h4 class=\"wp-block-heading\">1. CHAMP D\u2019APPLICATION DE LA POLITIQUE DE PROTECTION DES DONN\u00c9ES PERSONNELLES<\/h4>\n\n\n\n<p><\/p>\n\n\n\n<p>La pr\u00e9sente politique de protection des donn\u00e9es \u00e0 caract\u00e8re personnel s\u2019applique \u00e0 l\u2019ensemble des traitements de donn\u00e9es collect\u00e9es via notre site Internet accessible \u00e0 l\u2019adresse&nbsp;<a href=\"https:\/\/quirinsr.fr\">https:\/\/quirinsr.fr<\/a><\/p>\n\n\n\n<p>On entend par donn\u00e9es \u00e0 caract\u00e8re personnel : toute information se rapportant \u00e0 une personne physique identifi\u00e9e ou identifiable (ci-apr\u00e8s d\u00e9nomm\u00e9e \u00abpersonne concern\u00e9e\u00bb), ci-apr\u00e8s \u00ab&nbsp; les donn\u00e9es \u00bb.<\/p>\n\n\n\n<h4 class=\"wp-block-heading\">2. LES DONN\u00c9ES COLLECT\u00c9ES<\/h4>\n\n\n\n<p>De mani\u00e8re g\u00e9n\u00e9rale, vous pouvez visiter notre site internet sans qu\u2019il soit n\u00e9cessaire de nous communiquer de donn\u00e9es.<\/p>\n\n\n\n<p>Toutefois, lorsque vous souhaitez prendre contact avec QUIRINSR (<a href=\"https:\/\/quirinsr.fr\">https:\/\/quirinsr\/<\/a>, nous pouvons vous demander de fournir certaines donn\u00e9es.&nbsp;<\/p>\n\n\n\n<p>Avec votre consentement pr\u00e9alable, nous sommes ainsi susceptibles de collecter et de traiter tout ou partie des donn\u00e9es suivantes lorsque vous utilisez le formulaire de contact de notre site Internet :<\/p>\n\n\n\n<p>\u2022 Donn\u00e9es relatives \u00e0 votre identit\u00e9 (nom, pr\u00e9nom, adresse email) ;<\/p>\n\n\n\n<p>\u2022 Donn\u00e9es relatives \u00e0 votre vie personnelle et \u00e0 votre vie professionnelle que vous choisirez de nous communiquer, notamment dans le cadre de demandes de devis ;<\/p>\n\n\n\n<p>\u2022 Dans tous les cas, nous nous limitons \u00e0 collecter et \u00e0 traiter des donn\u00e9es pertinentes, ad\u00e9quates, non excessives et strictement n\u00e9cessaires \u00e0 l\u2019accomplissement des finalit\u00e9s qui ont \u00e9t\u00e9 pr\u00e9alablement d\u00e9termin\u00e9es.<\/p>\n\n\n\n<p>Nous sommes \u00e9galement susceptibles d\u2019utiliser des cookies qui correspondent \u00e0 des petits fichiers de lettres et de chiffres t\u00e9l\u00e9charg\u00e9s sur votre terminal lorsque vous acc\u00e9dez \u00e0 notre site internet (voir le paragraphe relatif aux cookies).<\/p>\n\n\n\n<h4 class=\"wp-block-heading\">3. FINALIT\u00c9S DES TRAITEMENTS OP\u00c9R\u00c9S PAR QUIRINSR ET BASE L\u00c9GALE DES TRAITEMENTS<\/h4>\n\n\n\n<p>Les donn\u00e9es recueillies par QuirinSR sont utilis\u00e9es pour :<\/p>\n\n\n\n<p>\u2022 Traiter et suivre les demandes d\u2019informations et demandes de devis adress\u00e9es via notre site internet ;<\/p>\n\n\n\n<p>\u2022 R\u00e9pondre \u00e0 vos demandes effectu\u00e9es via le formulaire de contact ;<\/p>\n\n\n\n<p>\u2022 De fa\u00e7on g\u00e9n\u00e9rale, communiquer avec vous, notamment lorsque vous nous contactez par quelque moyen que ce soit.<\/p>\n\n\n\n<p>Nous recueillons tout ou partie des donn\u00e9es list\u00e9es ci-avant qu\u2019apr\u00e8s avoir recueilli votre consentement expr\u00e8s pour les finalit\u00e9s pour lesquelles elles sont trait\u00e9es.<\/p>\n\n\n\n<h4 class=\"wp-block-heading\">4. LA DUR\u00c9E DE CONSERVATION DES DONN\u00c9ES<\/h4>\n\n\n\n<p>Les dur\u00e9es de conservation de vos donn\u00e9es d\u00e9pendent des finalit\u00e9s de traitements pour lesquelles elles sont utilis\u00e9es.<\/p>\n\n\n\n<p>4.1 Traitement et suivi des candidatures<\/p>\n\n\n\n<p>Nous nous engageons \u00e0 supprimer vos donn\u00e9es dans un d\u00e9lai maximum de 2 ans apr\u00e8s notre dernier contact avec vous.<\/p>\n\n\n\n<h5 class=\"wp-block-heading\">4.2 Communication, gestion de vos demandes de contact<\/h5>\n\n\n\n<p>Nous nous engageons \u00e0 supprimer vos donn\u00e9es dans un d\u00e9lai maximum de 3 ans apr\u00e8s notre dernier contact avec vous.<\/p>\n\n\n\n<h4 class=\"wp-block-heading\">5. LES CAT\u00c9GORIES DE DESTINATAIRES DES DONN\u00c9ES COLLECT\u00c9ES<\/h4>\n\n\n\n<p>Les donn\u00e9es collect\u00e9es sont \u00e0 usage interne au sein de COMPUTE.RENT et est strictement limit\u00e9 aux \u00e9quipes les plus ad\u00e9quates pour traiter la demande effectu\u00e9e.<\/p>\n\n\n\n<p>Nous pouvons toutefois partager les donn\u00e9es collect\u00e9es avec nos prestataires techniques pour la r\u00e9alisation des finalit\u00e9s d\u00e9crites ci-avant.<\/p>\n\n\n\n<p>Nous exigeons de mani\u00e8re stricte de nos partenaires de toujours agir en conformit\u00e9 avec les lois applicables en mati\u00e8re de protection de donn\u00e9es et d\u2019accorder une attention particuli\u00e8re \u00e0 la confidentialit\u00e9 de ces donn\u00e9es.<\/p>\n\n\n\n<p>Par application de la r\u00e9glementation applicable, tout sous-traitant ou fournisseur qui pourrait traiter des donn\u00e9es personnelles pour le compte de QuirinSR s\u2019engage ainsi en particulier \u00e0 :<\/p>\n\n\n\n<p>&#8211; traiter les donn\u00e9es uniquement pour la ou les seule(s) finalit\u00e9(s) qui fait\/font l\u2019objet de la commande,<\/p>\n\n\n\n<p>&#8211; traiter les donn\u00e9es conform\u00e9ment aux instructions de QuirinSR,<\/p>\n\n\n\n<p>&#8211; garantir la confidentialit\u00e9 et la s\u00e9curit\u00e9 des donn\u00e9es.<\/p>\n\n\n\n<h4 class=\"wp-block-heading\">6. VOS DROITS SUR LES DONN\u00c9ES QUE NOUS COLLECTONS<\/h4>\n\n\n\n<h5 class=\"wp-block-heading\">6.1 Vos droits<\/h5>\n\n\n\n<p>Vous disposez de l\u2019ensemble des droits suivants sur les donn\u00e9es que nous collectons :<\/p>\n\n\n\n<p>\u2022 Droit d\u2019acc\u00e9der \u00e0 vos donn\u00e9es : Vous b\u00e9n\u00e9ficiez du droit d\u2019obtenir la confirmation que vos donn\u00e9es personnelles sont ou ne sont pas trait\u00e9es et, lorsqu\u2019elles le sont, du droit d\u2019obtenir l\u2019acc\u00e8s auxdites donn\u00e9es. Ce droit comprend \u00e9galement celui d\u2019obtenir une copie des donn\u00e9es qui font l\u2019objet d\u2019un traitement.<\/p>\n\n\n\n<p>\u2022 Droit de demander la rectification de vos donn\u00e9es si celles-ci sont erron\u00e9es : Vous b\u00e9n\u00e9ficiez du droit de demander que vos donn\u00e9es soient rectifi\u00e9es, mises \u00e0 jour ou compl\u00e9t\u00e9es lorsqu\u2019elles s\u2019av\u00e8rent inexactes, erron\u00e9es, incompl\u00e8tes ou obsol\u00e8tes.<\/p>\n\n\n\n<p>\u2022 Droit de demander l\u2019effacement de vos donn\u00e9es : Vous b\u00e9n\u00e9ficiez du droit de demander l\u2019effacement de vos donn\u00e9es uniquement pour les motifs pr\u00e9vus par la r\u00e9glementation applicable et en particulier lorsque :<\/p>\n\n\n\n<p>&#8211; les donn\u00e9es ne sont plus n\u00e9cessaires au regard des finalit\u00e9s pour lesquelles elles ont \u00e9t\u00e9 collect\u00e9es ou trait\u00e9es d\u2019une autre mani\u00e8re ;<\/p>\n\n\n\n<p>&#8211; vous retirez le consentement sur lequel est fond\u00e9 le traitement, et il n\u2019existe pas d\u2019autre fondement juridique au traitement ;<\/p>\n\n\n\n<p>&#8211; vous vous opposez au traitement et il n\u2019existe pas de motif l\u00e9gitime imp\u00e9rieux pour le traitement ;<\/p>\n\n\n\n<p>&#8211; vous consid\u00e9rez que vos donn\u00e9es ont fait l\u2019objet d\u2019un traitement illicite ;<\/p>\n\n\n\n<p>&#8211; vos donn\u00e9es doivent \u00eatre effac\u00e9es pour respecter une obligation l\u00e9gale.<\/p>\n\n\n\n<p>\u2022 Droit de limiter le traitement vous concernant : Vous b\u00e9n\u00e9ficiez du droit d\u2019obtenir du responsable du traitement la limitation de l\u2019utilisation de vos donn\u00e9es uniquement pour les motifs pr\u00e9vus par la r\u00e9glementation applicable et en particulier lorsque :<\/p>\n\n\n\n<p>&#8211; vous contestez l\u2019exactitude des donn\u00e9es vous concernant ;<\/p>\n\n\n\n<p>&#8211; vous consid\u00e9rez que le traitement est illicite et vous opposez \u00e0 l\u2019effacement de vos donn\u00e9es ;<\/p>\n\n\n\n<p>\u2022 Droit de vous opposer au traitement en retirant votre consentement (\u00e9tant rappel\u00e9 que ce retrait ne portera pas atteinte \u00e0 la lic\u00e9it\u00e9 du traitement fond\u00e9 sur le consentement effectu\u00e9 avant le retrait de celui-ci)<\/p>\n\n\n\n<p>\u2022 Droit \u00e0 b\u00e9n\u00e9ficier de la portabilit\u00e9 de vos donn\u00e9es : Vous b\u00e9n\u00e9ficiez du droit de r\u00e9cup\u00e9rer les donn\u00e9es que vous avez fournies \u00e0 QuirinSR&nbsp; dans un format structur\u00e9, couramment utilis\u00e9 et lisible par machine, et du droit de transmettre ces donn\u00e9es \u00e0 un autre responsable du traitement, par exemple pour pouvoir changer de fournisseur de service.<\/p>\n\n\n\n<p>\u2022 Droit d\u2019introduire une r\u00e9clamation aupr\u00e8s de la CNIL : Si vous consid\u00e9rez que COMPUTE.RENT ne respecte pas ses obligations au regard de vos donn\u00e9es personnelles, vous pouvez \u00e0 tout moment adresser une plainte ou une demande aupr\u00e8s de l\u2019autorit\u00e9 comp\u00e9tente. En France, l\u2019autorit\u00e9 comp\u00e9tente est la CNIL \u00e0 laquelle vous pouvez adresser une demande par voie \u00e9lectronique en cliquant sur le lien suivant :&nbsp;<a class=\"\" href=\"https:\/\/www.cnil.fr\/fr\/plaintes\/internet\">https:\/\/www.cnil.fr\/fr\/plaintes\/internet<\/a>.<\/p>\n\n\n\n<h5 class=\"wp-block-heading\">6.2 Modalit\u00e9s d\u2019exercice des droits<\/h5>\n\n\n\n<p>Vous pouvez exercer les droits pr\u00e9cit\u00e9s sur demande \u00e9crite et d\u00e9taill\u00e9e \u00e0 l\u2019adresse suivante :&nbsp;<a href=\"mailto:contact@quirin.fr\">contact@quirinsr.fr<\/a>&nbsp;ou QuirinSr, &nbsp;8 RUE DU PETIT COLMAR 68280 SUNDHOFFEN<\/p>\n\n\n\n<p>En raison de l\u2019obligation de s\u00e9curit\u00e9 et de confidentialit\u00e9 dans le traitement des donn\u00e9es qui incombe \u00e0 la soci\u00e9t\u00e9 QuirinSR, vous \u00eates inform\u00e9 que votre demande sera trait\u00e9e sous r\u00e9serve que vous rapportiez la preuve de votre identit\u00e9, notamment par la production d\u2019un scan de votre titre d\u2019identit\u00e9 valide ou d\u2019une photocopie sign\u00e9e de votre titre d\u2019identit\u00e9 valide.<\/p>\n\n\n\n<p>QuirinSR d\u00e9terminera dans un d\u00e9lai d\u2019un mois \u00e0 compter de r\u00e9ception de la demande formul\u00e9e si cette derni\u00e8re est recevable ou non. Dans l\u2019hypoth\u00e8se o\u00f9 ladite demande est recevable, QuirinSR fournira les informations sollicit\u00e9es ou mettra en \u0153uvre les droits invoqu\u00e9s dans le d\u00e9lai pr\u00e9cit\u00e9.<\/p>\n\n\n\n<p>Si, compte tenu de la complexit\u00e9 de la demande ou du nombre de demandes re\u00e7ues, le d\u00e9lai pr\u00e9cit\u00e9 ne peut \u00eatre respect\u00e9, QuirinSR vous informera avant l\u2019expiration de ce d\u00e9lai, du report d\u2019un maximum de deux mois de sa d\u00e9cision.<\/p>\n\n\n\n<p>QuirinSR vous informe que nous serons en droit, le cas \u00e9ch\u00e9ant, de s\u2019opposer aux demandes manifestement abusives (de par leur nombre, leur caract\u00e8re r\u00e9p\u00e9titif ou syst\u00e9matique).<\/p>\n\n\n\n<p>Dans l\u2019hypoth\u00e8se o\u00f9 QuirinSR ne donnerait pas suite \u00e0 votre demande, nous vous informerons dans les d\u00e9lais pr\u00e9cit\u00e9s des motifs de notre d\u00e9cision en vous rappelant votre possibilit\u00e9 de saisir la CNIL d\u2019une r\u00e9clamation.<\/p>\n\n\n\n<h4 class=\"wp-block-heading\">7. S\u00c9CURIT\u00c9 DES DONN\u00c9ES PERSONNELLES<\/h4>\n\n\n\n<p>Nous mettons en \u0153uvre toutes les mesures de s\u00e9curit\u00e9 n\u00e9cessaires afin d\u2019emp\u00eacher dans toute la mesure du possible toute alt\u00e9ration ou perte de vos donn\u00e9es ou tout acc\u00e8s non autoris\u00e9 \u00e0 celles-ci.<\/p>\n\n\n\n<p>Dans l\u2019\u00e9ventualit\u00e9 o\u00f9 nous prendrions connaissance d\u2019un acc\u00e8s ill\u00e9gal aux donn\u00e9es personnelles vous concernant et correspondant \u00e0 un traitement pour lequel nous sommes responsables, nous nous engageons \u00e0 vous notifier l\u2019incident dans les plus brefs d\u00e9lais si cela r\u00e9pond \u00e0 une exigence l\u00e9gale.<\/p>\n\n\n\n<h4 class=\"wp-block-heading\">8. MISE \u00c0 JOUR DE LA PR\u00c9SENTE POLITIQUE<\/h4>\n\n\n\n<p>La pr\u00e9sente politique peut \u00eatre mise \u00e0 jour \u00e0 tout moment, notamment en application des dispositions l\u00e9gales et\/ou r\u00e9glementaires et\/ou des recommandations \u00e9ventuelles de la CNIL. Nous vous invitons d\u00e8s lors \u00e0 consulter cette page de fa\u00e7on r\u00e9guli\u00e8re.<\/p>\n","protected":false},"excerpt":{"rendered":"<p>Bienvenue dans la politique g\u00e9n\u00e9rale de protection des donn\u00e9es personnelles de QuirinSR. Le responsable de traitement est la SARL QuirinSR immatricul\u00e9e en France au Registre du Commerce et des Soci\u00e9t\u00e9s de Colmar sous le num\u00e9ro 498 314 814, dont le si\u00e8ge social est situ\u00e9 au 8 RUE DU PETIT COLMAR 68280 SUNDHOFFEN&nbsp; La protection de &hellip;<\/p>\n<p class=\"read-more\"> <a class=\"\" href=\"https:\/\/quirinsr.fr\/index.php\/politique-de-confidentialite\/\"> <span class=\"screen-reader-text\">Politique de confidentialit\u00e9<\/span> Lire la suite\u00a0\u00bb<\/a><\/p>\n","protected":false},"author":1,"featured_media":0,"parent":0,"menu_order":0,"comment_status":"closed","ping_status":"open","template":"","meta":{"site-sidebar-layout":"default","site-content-layout":"","ast-site-content-layout":"","site-content-style":"default","site-sidebar-style":"default","ast-global-header-display":"","ast-banner-title-visibility":"","ast-main-header-display":"","ast-hfb-above-header-display":"","ast-hfb-below-header-display":"","ast-hfb-mobile-header-display":"","site-post-title":"","ast-breadcrumbs-content":"","ast-featured-img":"","footer-sml-layout":"","theme-transparent-header-meta":"","adv-header-id-meta":"","stick-header-meta":"","header-above-stick-meta":"","header-main-stick-meta":"","header-below-stick-meta":"","astra-migrate-meta-layouts":"","footnotes":""},"class_list":["post-3","page","type-page","status-publish","hentry"],"yoast_head":"<!-- This site is optimized with the Yoast SEO plugin v21.4 - https:\/\/yoast.com\/wordpress\/plugins\/seo\/ -->\n<title>Politique de confidentialit\u00e9 - QuirinSR<\/title>\n<meta name=\"robots\" content=\"index, follow, max-snippet:-1, max-image-preview:large, max-video-preview:-1\" \/>\n<link rel=\"canonical\" href=\"https:\/\/quirinsr.fr\/index.php\/politique-de-confidentialite\/\" \/>\n<meta property=\"og:locale\" content=\"fr_FR\" \/>\n<meta property=\"og:type\" content=\"article\" \/>\n<meta property=\"og:title\" content=\"Politique de confidentialit\u00e9 - QuirinSR\" \/>\n<meta property=\"og:description\" content=\"Bienvenue dans la politique g\u00e9n\u00e9rale de protection des donn\u00e9es personnelles de QuirinSR. Le responsable de traitement est la SARL QuirinSR immatricul\u00e9e en France au Registre du Commerce et des Soci\u00e9t\u00e9s de Colmar sous le num\u00e9ro 498 314 814, dont le si\u00e8ge social est situ\u00e9 au 8 RUE DU PETIT COLMAR 68280 SUNDHOFFEN&nbsp; La protection de &hellip; Politique de confidentialit\u00e9 Lire la suite\u00a0\u00bb\" \/>\n<meta property=\"og:url\" content=\"https:\/\/quirinsr.fr\/index.php\/politique-de-confidentialite\/\" \/>\n<meta property=\"og:site_name\" content=\"QuirinSR\" \/>\n<meta property=\"article:modified_time\" content=\"2023-10-18T10:11:06+00:00\" \/>\n<meta name=\"twitter:card\" content=\"summary_large_image\" \/>\n<meta name=\"twitter:label1\" content=\"Dur\u00e9e de lecture estim\u00e9e\" \/>\n\t<meta name=\"twitter:data1\" content=\"8 minutes\" \/>\n<script type=\"application\/ld+json\" class=\"yoast-schema-graph\">{\"@context\":\"https:\/\/schema.org\",\"@graph\":[{\"@type\":\"WebPage\",\"@id\":\"https:\/\/quirinsr.fr\/index.php\/politique-de-confidentialite\/\",\"url\":\"https:\/\/quirinsr.fr\/index.php\/politique-de-confidentialite\/\",\"name\":\"Politique de confidentialit\u00e9 - QuirinSR\",\"isPartOf\":{\"@id\":\"https:\/\/quirinsr.fr\/#website\"},\"datePublished\":\"2023-09-28T16:43:27+00:00\",\"dateModified\":\"2023-10-18T10:11:06+00:00\",\"breadcrumb\":{\"@id\":\"https:\/\/quirinsr.fr\/index.php\/politique-de-confidentialite\/#breadcrumb\"},\"inLanguage\":\"fr-FR\",\"potentialAction\":[{\"@type\":\"ReadAction\",\"target\":[\"https:\/\/quirinsr.fr\/index.php\/politique-de-confidentialite\/\"]}]},{\"@type\":\"BreadcrumbList\",\"@id\":\"https:\/\/quirinsr.fr\/index.php\/politique-de-confidentialite\/#breadcrumb\",\"itemListElement\":[{\"@type\":\"ListItem\",\"position\":1,\"name\":\"Accueil\",\"item\":\"https:\/\/quirinsr.fr\/\"},{\"@type\":\"ListItem\",\"position\":2,\"name\":\"Politique de confidentialit\u00e9\"}]},{\"@type\":\"WebSite\",\"@id\":\"https:\/\/quirinsr.fr\/#website\",\"url\":\"https:\/\/quirinsr.fr\/\",\"name\":\"QuirinSR\",\"description\":\"Syst\u00e8mes et r\u00e9seaux\",\"publisher\":{\"@id\":\"https:\/\/quirinsr.fr\/#organization\"},\"potentialAction\":[{\"@type\":\"SearchAction\",\"target\":{\"@type\":\"EntryPoint\",\"urlTemplate\":\"https:\/\/quirinsr.fr\/?s={search_term_string}\"},\"query-input\":\"required name=search_term_string\"}],\"inLanguage\":\"fr-FR\"},{\"@type\":\"Organization\",\"@id\":\"https:\/\/quirinsr.fr\/#organization\",\"name\":\"QuirinSR\",\"url\":\"https:\/\/quirinsr.fr\/\",\"logo\":{\"@type\":\"ImageObject\",\"inLanguage\":\"fr-FR\",\"@id\":\"https:\/\/quirinsr.fr\/#\/schema\/logo\/image\/\",\"url\":\"https:\/\/quirinsr.fr\/wp-content\/uploads\/2023\/10\/cropped-logodef1.png\",\"contentUrl\":\"https:\/\/quirinsr.fr\/wp-content\/uploads\/2023\/10\/cropped-logodef1.png\",\"width\":1284,\"height\":428,\"caption\":\"QuirinSR\"},\"image\":{\"@id\":\"https:\/\/quirinsr.fr\/#\/schema\/logo\/image\/\"}}]}<\/script>\n<!-- \/ Yoast SEO plugin. -->","yoast_head_json":{"title":"Politique de confidentialit\u00e9 - QuirinSR","robots":{"index":"index","follow":"follow","max-snippet":"max-snippet:-1","max-image-preview":"max-image-preview:large","max-video-preview":"max-video-preview:-1"},"canonical":"https:\/\/quirinsr.fr\/index.php\/politique-de-confidentialite\/","og_locale":"fr_FR","og_type":"article","og_title":"Politique de confidentialit\u00e9 - QuirinSR","og_description":"Bienvenue dans la politique g\u00e9n\u00e9rale de protection des donn\u00e9es personnelles de QuirinSR. Le responsable de traitement est la SARL QuirinSR immatricul\u00e9e en France au Registre du Commerce et des Soci\u00e9t\u00e9s de Colmar sous le num\u00e9ro 498 314 814, dont le si\u00e8ge social est situ\u00e9 au 8 RUE DU PETIT COLMAR 68280 SUNDHOFFEN&nbsp; La protection de &hellip; Politique de confidentialit\u00e9 Lire la suite\u00a0\u00bb","og_url":"https:\/\/quirinsr.fr\/index.php\/politique-de-confidentialite\/","og_site_name":"QuirinSR","article_modified_time":"2023-10-18T10:11:06+00:00","twitter_card":"summary_large_image","twitter_misc":{"Dur\u00e9e de lecture estim\u00e9e":"8 minutes"},"schema":{"@context":"https:\/\/schema.org","@graph":[{"@type":"WebPage","@id":"https:\/\/quirinsr.fr\/index.php\/politique-de-confidentialite\/","url":"https:\/\/quirinsr.fr\/index.php\/politique-de-confidentialite\/","name":"Politique de confidentialit\u00e9 - QuirinSR","isPartOf":{"@id":"https:\/\/quirinsr.fr\/#website"},"datePublished":"2023-09-28T16:43:27+00:00","dateModified":"2023-10-18T10:11:06+00:00","breadcrumb":{"@id":"https:\/\/quirinsr.fr\/index.php\/politique-de-confidentialite\/#breadcrumb"},"inLanguage":"fr-FR","potentialAction":[{"@type":"ReadAction","target":["https:\/\/quirinsr.fr\/index.php\/politique-de-confidentialite\/"]}]},{"@type":"BreadcrumbList","@id":"https:\/\/quirinsr.fr\/index.php\/politique-de-confidentialite\/#breadcrumb","itemListElement":[{"@type":"ListItem","position":1,"name":"Accueil","item":"https:\/\/quirinsr.fr\/"},{"@type":"ListItem","position":2,"name":"Politique de confidentialit\u00e9"}]},{"@type":"WebSite","@id":"https:\/\/quirinsr.fr\/#website","url":"https:\/\/quirinsr.fr\/","name":"QuirinSR","description":"Syst\u00e8mes et r\u00e9seaux","publisher":{"@id":"https:\/\/quirinsr.fr\/#organization"},"potentialAction":[{"@type":"SearchAction","target":{"@type":"EntryPoint","urlTemplate":"https:\/\/quirinsr.fr\/?s={search_term_string}"},"query-input":"required name=search_term_string"}],"inLanguage":"fr-FR"},{"@type":"Organization","@id":"https:\/\/quirinsr.fr\/#organization","name":"QuirinSR","url":"https:\/\/quirinsr.fr\/","logo":{"@type":"ImageObject","inLanguage":"fr-FR","@id":"https:\/\/quirinsr.fr\/#\/schema\/logo\/image\/","url":"https:\/\/quirinsr.fr\/wp-content\/uploads\/2023\/10\/cropped-logodef1.png","contentUrl":"https:\/\/quirinsr.fr\/wp-content\/uploads\/2023\/10\/cropped-logodef1.png","width":1284,"height":428,"caption":"QuirinSR"},"image":{"@id":"https:\/\/quirinsr.fr\/#\/schema\/logo\/image\/"}}]}},"_links":{"self":[{"href":"https:\/\/quirinsr.fr\/index.php\/wp-json\/wp\/v2\/pages\/3","targetHints":{"allow":["GET"]}}],"collection":[{"href":"https:\/\/quirinsr.fr\/index.php\/wp-json\/wp\/v2\/pages"}],"about":[{"href":"https:\/\/quirinsr.fr\/index.php\/wp-json\/wp\/v2\/types\/page"}],"author":[{"embeddable":true,"href":"https:\/\/quirinsr.fr\/index.php\/wp-json\/wp\/v2\/users\/1"}],"replies":[{"embeddable":true,"href":"https:\/\/quirinsr.fr\/index.php\/wp-json\/wp\/v2\/comments?post=3"}],"version-history":[{"count":10,"href":"https:\/\/quirinsr.fr\/index.php\/wp-json\/wp\/v2\/pages\/3\/revisions"}],"predecessor-version":[{"id":128,"href":"https:\/\/quirinsr.fr\/index.php\/wp-json\/wp\/v2\/pages\/3\/revisions\/128"}],"wp:attachment":[{"href":"https:\/\/quirinsr.fr\/index.php\/wp-json\/wp\/v2\/media?parent=3"}],"curies":[{"name":"wp","href":"https:\/\/api.w.org\/{rel}","templated":true}]}}