{"id":84,"date":"2023-10-18T12:12:09","date_gmt":"2023-10-18T10:12:09","guid":{"rendered":"https:\/\/quirinsr.fr\/?page_id=84"},"modified":"2024-01-16T09:46:57","modified_gmt":"2024-01-16T08:46:57","slug":"mentions-legales","status":"publish","type":"page","link":"https:\/\/quirinsr.fr\/index.php\/mentions-legales\/","title":{"rendered":"Mentions l\u00e9gales"},"content":{"rendered":"\n<p><a href=\"https:\/\/mockupfr.com\/\">Accueil<\/a>&nbsp;\u00bb&nbsp;Mentions l\u00e9gales<\/p>\n\n\n\n<h2 class=\"wp-block-heading\">IDENTIT\u00c9<\/h2>\n\n\n\n<p>Nom du site web : QuirinSR<br>Adresse : quirinsr.fr<br>Propri\u00e9taire : Fr\u00e9d\u00e9ric Quirin<br>Responsable de publication : Fr\u00e9d\u00e9ric Quirin<\/p>\n\n\n\n<p>H\u00e9bergement : OVH<\/p>\n\n\n\n<h2 class=\"wp-block-heading\">PERSONNE MORALE<\/h2>\n\n\n\n<p>QUIRINSR \u2013 SARL au Capital de 6000\u20ac \u2013 RCS 498 314 814 00019 \u2013 8 rue du Petit Colmar 68280 SUNDHOFFEN<br>Email : contact@quirin.fr<\/p>\n\n\n\n<h2 class=\"wp-block-heading\">CONDITIONS D\u2019UTILISATION<\/h2>\n\n\n\n<p>L\u2019utilisation du pr\u00e9sent site implique l\u2019acceptation pleine et enti\u00e8re des conditions g\u00e9n\u00e9rales d\u2019utilisation d\u00e9crites ci-apr\u00e8s. Ces conditions d\u2019utilisation sont susceptibles d\u2019\u00eatre modifi\u00e9es ou compl\u00e9t\u00e9es \u00e0 tout moment.<\/p>\n\n\n\n<h2 class=\"wp-block-heading\">INFORMATIONS<\/h2>\n\n\n\n<p>Les informations et documents du site sont pr\u00e9sent\u00e9s \u00e0 titre indicatif, n\u2019ont pas de caract\u00e8re exhaustif, et ne peuvent engager la responsabilit\u00e9 du propri\u00e9taire du site.<\/p>\n\n\n\n<p>Le propri\u00e9taire du site ne peut \u00eatre tenu responsable des dommages directs et indirects cons\u00e9cutifs \u00e0 l\u2019acc\u00e8s au site.<\/p>\n\n\n\n<h2 class=\"wp-block-heading\">INTERACTIVIT\u00c9<\/h2>\n\n\n\n<p>Les utilisateurs du site peuvent y d\u00e9poser du contenu, apparaissant sur le site dans des espaces d\u00e9di\u00e9s (notamment via les commentaires). Le contenu d\u00e9pos\u00e9 reste sous la responsabilit\u00e9 de leurs auteurs, qui en assument pleinement l\u2019enti\u00e8re responsabilit\u00e9 juridique.<\/p>\n\n\n\n<p>Le propri\u00e9taire du site se r\u00e9serve n\u00e9anmoins le droit de retirer sans pr\u00e9avis et sans justification tout contenu d\u00e9pos\u00e9 par les utilisateurs qui ne satisferait pas \u00e0 la charte d\u00e9ontologique du site ou \u00e0 la l\u00e9gislation en vigueur.<\/p>\n\n\n\n<h2 class=\"wp-block-heading\">PROPRI\u00c9T\u00c9 INTELLECTUELLE<\/h2>\n\n\n\n<p>Sauf mention contraire, tous les \u00e9l\u00e9ments accessibles sur le site (textes, images, graphismes, logo, ic\u00f4nes, sons, logiciels, etc.) restent la propri\u00e9t\u00e9 exclusive de leurs auteurs, en ce qui concerne les droits de propri\u00e9t\u00e9 intellectuelle ou les droits d\u2019usage.&nbsp;<\/p>\n\n\n\n<p>Toute reproduction, repr\u00e9sentation, modification, publication, adaptation de tout ou partie des \u00e9l\u00e9ments du site, quel que soit le moyen ou le proc\u00e9d\u00e9 utilis\u00e9, est interdite, sauf autorisation \u00e9crite pr\u00e9alable de l\u2019auteur.<\/p>\n\n\n\n<p>Toute exploitation non autoris\u00e9e du site ou de l\u2019un quelconque des \u00e9l\u00e9ments qu\u2019il contient est consid\u00e9r\u00e9e comme constitutive d\u2019une contrefa\u00e7on et poursuivie.&nbsp;<\/p>\n\n\n\n<p>Les marques et logos reproduits sur le site sont d\u00e9pos\u00e9s par les soci\u00e9t\u00e9s qui en sont propri\u00e9taires.<\/p>\n\n\n\n<h2 class=\"wp-block-heading\">LIENS<\/h2>\n\n\n\n<p><strong>Liens sortants<\/strong><br>Le propri\u00e9taire du site d\u00e9cline toute responsabilit\u00e9 et n\u2019est pas engag\u00e9 par le r\u00e9f\u00e9rencement via des liens hypertextes, de ressources tierces pr\u00e9sentes sur le r\u00e9seau Internet, tant en ce qui concerne leur contenu que leur pertinence.<\/p>\n\n\n\n<p><strong>Liens entrants<\/strong><br>Le propri\u00e9taire du site autorise les liens hypertextes vers l\u2019une des pages de ce site, \u00e0 condition que ceux-ci ouvrent une nouvelle fen\u00eatre et soient pr\u00e9sent\u00e9s de mani\u00e8re non \u00e9quivoque afin d\u2019\u00e9viter :<\/p>\n\n\n\n<ul class=\"wp-block-list\">\n<li>tout risque de confusion entre le site citant et le propri\u00e9taire du site<\/li>\n\n\n\n<li>ainsi que toute pr\u00e9sentation tendancieuse, ou contraire aux lois en vigueur.<\/li>\n<\/ul>\n\n\n\n<p>Le propri\u00e9taire du site se r\u00e9serve le droit de demander la suppression d\u2019un lien s\u2019il estime que le site source ne respecte pas les r\u00e8gles ainsi d\u00e9finies.<\/p>\n\n\n\n<h2 class=\"wp-block-heading\">CONFIDENTIALIT\u00c9<\/h2>\n\n\n\n<p>Tout utilisateur dispose d\u2019un droit d\u2019acc\u00e8s, de rectification et d\u2019opposition aux donn\u00e9es personnelles le concernant, en effectuant sa demande \u00e9crite et sign\u00e9e, accompagn\u00e9e d\u2019une preuve d\u2019identit\u00e9.&nbsp;<\/p>\n\n\n\n<p>Le site ne recueille pas d\u2019informations personnelles, et n\u2019est pas assujetti \u00e0 d\u00e9claration \u00e0 la CNIL.&nbsp;<\/p>\n","protected":false},"excerpt":{"rendered":"<p>Accueil&nbsp;\u00bb&nbsp;Mentions l\u00e9gales IDENTIT\u00c9 Nom du site web : QuirinSRAdresse : quirinsr.frPropri\u00e9taire : Fr\u00e9d\u00e9ric QuirinResponsable de publication : Fr\u00e9d\u00e9ric Quirin H\u00e9bergement : OVH PERSONNE MORALE QUIRINSR \u2013 SARL au Capital de 6000\u20ac \u2013 RCS 498 314 814 00019 \u2013 8 rue du Petit Colmar 68280 SUNDHOFFENEmail : contact@quirin.fr CONDITIONS D\u2019UTILISATION L\u2019utilisation du pr\u00e9sent site implique l\u2019acceptation &hellip;<\/p>\n<p class=\"read-more\"> <a class=\"\" href=\"https:\/\/quirinsr.fr\/index.php\/mentions-legales\/\"> <span class=\"screen-reader-text\">Mentions l\u00e9gales<\/span> Lire la suite\u00a0\u00bb<\/a><\/p>\n","protected":false},"author":1,"featured_media":0,"parent":0,"menu_order":0,"comment_status":"closed","ping_status":"closed","template":"","meta":{"site-sidebar-layout":"default","site-content-layout":"","ast-site-content-layout":"","site-content-style":"default","site-sidebar-style":"default","ast-global-header-display":"","ast-banner-title-visibility":"","ast-main-header-display":"","ast-hfb-above-header-display":"","ast-hfb-below-header-display":"","ast-hfb-mobile-header-display":"","site-post-title":"","ast-breadcrumbs-content":"","ast-featured-img":"","footer-sml-layout":"","theme-transparent-header-meta":"","adv-header-id-meta":"","stick-header-meta":"","header-above-stick-meta":"","header-main-stick-meta":"","header-below-stick-meta":"","astra-migrate-meta-layouts":"","footnotes":""},"class_list":["post-84","page","type-page","status-publish","hentry"],"yoast_head":"<!-- This site is optimized with the Yoast SEO plugin v21.4 - https:\/\/yoast.com\/wordpress\/plugins\/seo\/ -->\n<title>Mentions l\u00e9gales - QuirinSR<\/title>\n<meta name=\"robots\" content=\"index, follow, max-snippet:-1, max-image-preview:large, max-video-preview:-1\" \/>\n<link rel=\"canonical\" href=\"https:\/\/quirinsr.fr\/index.php\/mentions-legales\/\" \/>\n<meta property=\"og:locale\" content=\"fr_FR\" \/>\n<meta property=\"og:type\" content=\"article\" \/>\n<meta property=\"og:title\" content=\"Mentions l\u00e9gales - QuirinSR\" \/>\n<meta property=\"og:description\" content=\"Accueil&nbsp;\u00bb&nbsp;Mentions l\u00e9gales IDENTIT\u00c9 Nom du site web : QuirinSRAdresse : quirinsr.frPropri\u00e9taire : Fr\u00e9d\u00e9ric QuirinResponsable de publication : Fr\u00e9d\u00e9ric Quirin H\u00e9bergement : OVH PERSONNE MORALE QUIRINSR \u2013 SARL au Capital de 6000\u20ac \u2013 RCS 498 314 814 00019 \u2013 8 rue du Petit Colmar 68280 SUNDHOFFENEmail : contact@quirin.fr CONDITIONS D\u2019UTILISATION L\u2019utilisation du pr\u00e9sent site implique l\u2019acceptation &hellip; Mentions l\u00e9gales Lire la suite\u00a0\u00bb\" \/>\n<meta property=\"og:url\" content=\"https:\/\/quirinsr.fr\/index.php\/mentions-legales\/\" \/>\n<meta property=\"og:site_name\" content=\"QuirinSR\" \/>\n<meta property=\"article:modified_time\" content=\"2024-01-16T08:46:57+00:00\" \/>\n<meta name=\"twitter:card\" content=\"summary_large_image\" \/>\n<meta name=\"twitter:label1\" content=\"Dur\u00e9e de lecture estim\u00e9e\" \/>\n\t<meta name=\"twitter:data1\" content=\"3 minutes\" \/>\n<script type=\"application\/ld+json\" class=\"yoast-schema-graph\">{\"@context\":\"https:\/\/schema.org\",\"@graph\":[{\"@type\":\"WebPage\",\"@id\":\"https:\/\/quirinsr.fr\/index.php\/mentions-legales\/\",\"url\":\"https:\/\/quirinsr.fr\/index.php\/mentions-legales\/\",\"name\":\"Mentions l\u00e9gales - QuirinSR\",\"isPartOf\":{\"@id\":\"https:\/\/quirinsr.fr\/#website\"},\"datePublished\":\"2023-10-18T10:12:09+00:00\",\"dateModified\":\"2024-01-16T08:46:57+00:00\",\"breadcrumb\":{\"@id\":\"https:\/\/quirinsr.fr\/index.php\/mentions-legales\/#breadcrumb\"},\"inLanguage\":\"fr-FR\",\"potentialAction\":[{\"@type\":\"ReadAction\",\"target\":[\"https:\/\/quirinsr.fr\/index.php\/mentions-legales\/\"]}]},{\"@type\":\"BreadcrumbList\",\"@id\":\"https:\/\/quirinsr.fr\/index.php\/mentions-legales\/#breadcrumb\",\"itemListElement\":[{\"@type\":\"ListItem\",\"position\":1,\"name\":\"Accueil\",\"item\":\"https:\/\/quirinsr.fr\/\"},{\"@type\":\"ListItem\",\"position\":2,\"name\":\"Mentions l\u00e9gales\"}]},{\"@type\":\"WebSite\",\"@id\":\"https:\/\/quirinsr.fr\/#website\",\"url\":\"https:\/\/quirinsr.fr\/\",\"name\":\"QuirinSR\",\"description\":\"Syst\u00e8mes et r\u00e9seaux\",\"publisher\":{\"@id\":\"https:\/\/quirinsr.fr\/#organization\"},\"potentialAction\":[{\"@type\":\"SearchAction\",\"target\":{\"@type\":\"EntryPoint\",\"urlTemplate\":\"https:\/\/quirinsr.fr\/?s={search_term_string}\"},\"query-input\":\"required name=search_term_string\"}],\"inLanguage\":\"fr-FR\"},{\"@type\":\"Organization\",\"@id\":\"https:\/\/quirinsr.fr\/#organization\",\"name\":\"QuirinSR\",\"url\":\"https:\/\/quirinsr.fr\/\",\"logo\":{\"@type\":\"ImageObject\",\"inLanguage\":\"fr-FR\",\"@id\":\"https:\/\/quirinsr.fr\/#\/schema\/logo\/image\/\",\"url\":\"https:\/\/quirinsr.fr\/wp-content\/uploads\/2023\/10\/cropped-logodef1.png\",\"contentUrl\":\"https:\/\/quirinsr.fr\/wp-content\/uploads\/2023\/10\/cropped-logodef1.png\",\"width\":1284,\"height\":428,\"caption\":\"QuirinSR\"},\"image\":{\"@id\":\"https:\/\/quirinsr.fr\/#\/schema\/logo\/image\/\"}}]}<\/script>\n<!-- \/ Yoast SEO plugin. -->","yoast_head_json":{"title":"Mentions l\u00e9gales - QuirinSR","robots":{"index":"index","follow":"follow","max-snippet":"max-snippet:-1","max-image-preview":"max-image-preview:large","max-video-preview":"max-video-preview:-1"},"canonical":"https:\/\/quirinsr.fr\/index.php\/mentions-legales\/","og_locale":"fr_FR","og_type":"article","og_title":"Mentions l\u00e9gales - QuirinSR","og_description":"Accueil&nbsp;\u00bb&nbsp;Mentions l\u00e9gales IDENTIT\u00c9 Nom du site web : QuirinSRAdresse : quirinsr.frPropri\u00e9taire : Fr\u00e9d\u00e9ric QuirinResponsable de publication : Fr\u00e9d\u00e9ric Quirin H\u00e9bergement : OVH PERSONNE MORALE QUIRINSR \u2013 SARL au Capital de 6000\u20ac \u2013 RCS 498 314 814 00019 \u2013 8 rue du Petit Colmar 68280 SUNDHOFFENEmail : contact@quirin.fr CONDITIONS D\u2019UTILISATION L\u2019utilisation du pr\u00e9sent site implique l\u2019acceptation &hellip; Mentions l\u00e9gales Lire la suite\u00a0\u00bb","og_url":"https:\/\/quirinsr.fr\/index.php\/mentions-legales\/","og_site_name":"QuirinSR","article_modified_time":"2024-01-16T08:46:57+00:00","twitter_card":"summary_large_image","twitter_misc":{"Dur\u00e9e de lecture estim\u00e9e":"3 minutes"},"schema":{"@context":"https:\/\/schema.org","@graph":[{"@type":"WebPage","@id":"https:\/\/quirinsr.fr\/index.php\/mentions-legales\/","url":"https:\/\/quirinsr.fr\/index.php\/mentions-legales\/","name":"Mentions l\u00e9gales - QuirinSR","isPartOf":{"@id":"https:\/\/quirinsr.fr\/#website"},"datePublished":"2023-10-18T10:12:09+00:00","dateModified":"2024-01-16T08:46:57+00:00","breadcrumb":{"@id":"https:\/\/quirinsr.fr\/index.php\/mentions-legales\/#breadcrumb"},"inLanguage":"fr-FR","potentialAction":[{"@type":"ReadAction","target":["https:\/\/quirinsr.fr\/index.php\/mentions-legales\/"]}]},{"@type":"BreadcrumbList","@id":"https:\/\/quirinsr.fr\/index.php\/mentions-legales\/#breadcrumb","itemListElement":[{"@type":"ListItem","position":1,"name":"Accueil","item":"https:\/\/quirinsr.fr\/"},{"@type":"ListItem","position":2,"name":"Mentions l\u00e9gales"}]},{"@type":"WebSite","@id":"https:\/\/quirinsr.fr\/#website","url":"https:\/\/quirinsr.fr\/","name":"QuirinSR","description":"Syst\u00e8mes et r\u00e9seaux","publisher":{"@id":"https:\/\/quirinsr.fr\/#organization"},"potentialAction":[{"@type":"SearchAction","target":{"@type":"EntryPoint","urlTemplate":"https:\/\/quirinsr.fr\/?s={search_term_string}"},"query-input":"required name=search_term_string"}],"inLanguage":"fr-FR"},{"@type":"Organization","@id":"https:\/\/quirinsr.fr\/#organization","name":"QuirinSR","url":"https:\/\/quirinsr.fr\/","logo":{"@type":"ImageObject","inLanguage":"fr-FR","@id":"https:\/\/quirinsr.fr\/#\/schema\/logo\/image\/","url":"https:\/\/quirinsr.fr\/wp-content\/uploads\/2023\/10\/cropped-logodef1.png","contentUrl":"https:\/\/quirinsr.fr\/wp-content\/uploads\/2023\/10\/cropped-logodef1.png","width":1284,"height":428,"caption":"QuirinSR"},"image":{"@id":"https:\/\/quirinsr.fr\/#\/schema\/logo\/image\/"}}]}},"_links":{"self":[{"href":"https:\/\/quirinsr.fr\/index.php\/wp-json\/wp\/v2\/pages\/84","targetHints":{"allow":["GET"]}}],"collection":[{"href":"https:\/\/quirinsr.fr\/index.php\/wp-json\/wp\/v2\/pages"}],"about":[{"href":"https:\/\/quirinsr.fr\/index.php\/wp-json\/wp\/v2\/types\/page"}],"author":[{"embeddable":true,"href":"https:\/\/quirinsr.fr\/index.php\/wp-json\/wp\/v2\/users\/1"}],"replies":[{"embeddable":true,"href":"https:\/\/quirinsr.fr\/index.php\/wp-json\/wp\/v2\/comments?post=84"}],"version-history":[{"count":4,"href":"https:\/\/quirinsr.fr\/index.php\/wp-json\/wp\/v2\/pages\/84\/revisions"}],"predecessor-version":[{"id":172,"href":"https:\/\/quirinsr.fr\/index.php\/wp-json\/wp\/v2\/pages\/84\/revisions\/172"}],"wp:attachment":[{"href":"https:\/\/quirinsr.fr\/index.php\/wp-json\/wp\/v2\/media?parent=84"}],"curies":[{"name":"wp","href":"https:\/\/api.w.org\/{rel}","templated":true}]}}